{"id":2,"date":"2023-07-13T13:16:58","date_gmt":"2023-07-13T13:16:58","guid":{"rendered":"https:\/\/web4.rkinformatika.net\/crystalcleangernika\/?page_id=2"},"modified":"2023-07-14T15:26:57","modified_gmt":"2023-07-14T15:26:57","slug":"inicio","status":"publish","type":"page","link":"https:\/\/crystalcleangernika.com\/pt\/","title":{"rendered":"Inicio"},"content":{"rendered":"<div data-elementor-type=\"wp-page\" data-elementor-id=\"2\" class=\"elementor elementor-2\" data-elementor-post-type=\"page\">\n\t\t\t\t\t\t<section class=\"elementor-section elementor-top-section elementor-element elementor-element-68ef4f9 elementor-section-boxed elementor-section-height-default elementor-section-height-default\" data-id=\"68ef4f9\" data-element_type=\"section\" data-e-type=\"section\" data-settings=\"{&quot;background_background&quot;:&quot;classic&quot;}\">\n\t\t\t\t\t\t\t<div class=\"elementor-background-overlay\"><\/div>\n\t\t\t\t\t\t\t<div class=\"elementor-container elementor-column-gap-default\">\n\t\t\t\t\t<div class=\"elementor-column elementor-col-100 elementor-top-column elementor-element elementor-element-f06a676\" data-id=\"f06a676\" data-element_type=\"column\" data-e-type=\"column\">\n\t\t\t<div class=\"elementor-widget-wrap elementor-element-populated\">\n\t\t\t\t\t\t<div class=\"elementor-element elementor-element-35695ae elementor-widget elementor-widget-heading\" data-id=\"35695ae\" data-element_type=\"widget\" data-e-type=\"widget\" data-widget_type=\"heading.default\">\n\t\t\t\t<div class=\"elementor-widget-container\">\n\t\t\t\t\t<h2 class=\"elementor-heading-title elementor-size-default\">Seu ambiente limpo e agrad\u00e1vel<\/h2>\t\t\t\t<\/div>\n\t\t\t\t<\/div>\n\t\t\t\t\t<\/div>\n\t\t<\/div>\n\t\t\t\t\t<\/div>\n\t\t<\/section>\n\t\t\t\t<section class=\"elementor-section elementor-top-section elementor-element elementor-element-4e81bc4f elementor-section-boxed elementor-section-height-default elementor-section-height-default\" data-id=\"4e81bc4f\" data-element_type=\"section\" data-e-type=\"section\">\n\t\t\t\t\t\t<div class=\"elementor-container elementor-column-gap-extended\">\n\t\t\t\t\t<div class=\"elementor-column elementor-col-50 elementor-top-column elementor-element elementor-element-82c8ef\" data-id=\"82c8ef\" data-element_type=\"column\" data-e-type=\"column\">\n\t\t\t<div class=\"elementor-widget-wrap elementor-element-populated\">\n\t\t\t\t\t\t<div class=\"elementor-element elementor-element-1be18ca7 elementor-widget elementor-widget-heading\" data-id=\"1be18ca7\" data-element_type=\"widget\" data-e-type=\"widget\" data-widget_type=\"heading.default\">\n\t\t\t\t<div class=\"elementor-widget-container\">\n\t\t\t\t\t<h1 class=\"elementor-heading-title elementor-size-default\">Sobre n\u00f3s<\/h1>\t\t\t\t<\/div>\n\t\t\t\t<\/div>\n\t\t\t\t<div class=\"elementor-element elementor-element-368aacd9 elementor-widget elementor-widget-text-editor\" data-id=\"368aacd9\" data-element_type=\"widget\" data-e-type=\"widget\" data-widget_type=\"text-editor.default\">\n\t\t\t\t<div class=\"elementor-widget-container\">\n\t\t\t\t\t\t\t\t\t<p>Temos 5 anos de experi\u00eancia fornecendo servi\u00e7os de limpeza de alta qualidade para empresas e resid\u00eancias. Nossa experi\u00eancia \u00e9 incompar\u00e1vel e nossa equipe de profissionais se dedica a superar suas expectativas. Adquirimos conhecimento e t\u00e9cnicas valiosas de uma ampla gama de clientes e os incorporamos aos nossos servi\u00e7os para proporcionar uma satisfa\u00e7\u00e3o excepcional. Entendemos que um espa\u00e7o limpo \u00e9 essencial para o seu bem-estar e produtividade, por isso levamos nosso trabalho a s\u00e9rio. Confie em n\u00f3s para tornar o seu espa\u00e7o limpo e acolhedor.<\/p>\t\t\t\t\t\t\t\t<\/div>\n\t\t\t\t<\/div>\n\t\t\t\t<div class=\"elementor-element elementor-element-5c07e346 elementor-position-left elementor-vertical-align-middle elementor-widget-mobile__width-initial elementor-widget elementor-widget-image-box\" data-id=\"5c07e346\" data-element_type=\"widget\" data-e-type=\"widget\" data-widget_type=\"image-box.default\">\n\t\t\t\t<div class=\"elementor-widget-container\">\n\t\t\t\t\t<div class=\"elementor-image-box-wrapper\"><figure class=\"elementor-image-box-img\"><img decoding=\"async\" width=\"73\" height=\"72\" src=\"https:\/\/crystalcleangernika.com\/wp-content\/uploads\/2023\/07\/Sin-titulo-1xx-02.png\" class=\"elementor-animation-grow attachment-full size-full wp-image-489\" alt=\"\" srcset=\"https:\/\/crystalcleangernika.com\/wp-content\/uploads\/2023\/07\/Sin-titulo-1xx-02.png 73w, https:\/\/crystalcleangernika.com\/wp-content\/uploads\/2023\/07\/Sin-titulo-1xx-02-12x12.png 12w\" sizes=\"(max-width: 73px) 100vw, 73px\" \/><\/figure><div class=\"elementor-image-box-content\"><h4 class=\"elementor-image-box-title\">Rent\u00e1vel<\/h4><p class=\"elementor-image-box-description\">O melhor custo benef\u00edcio do mercado para voc\u00ea e sua empresa, sempre um local limpo e organizado.\n<\/p><\/div><\/div>\t\t\t\t<\/div>\n\t\t\t\t<\/div>\n\t\t\t\t<div class=\"elementor-element elementor-element-28b9d6d1 elementor-position-left elementor-vertical-align-middle elementor-widget elementor-widget-image-box\" data-id=\"28b9d6d1\" data-element_type=\"widget\" data-e-type=\"widget\" data-widget_type=\"image-box.default\">\n\t\t\t\t<div class=\"elementor-widget-container\">\n\t\t\t\t\t<div class=\"elementor-image-box-wrapper\"><figure class=\"elementor-image-box-img\"><img decoding=\"async\" width=\"73\" height=\"72\" src=\"https:\/\/crystalcleangernika.com\/wp-content\/uploads\/2023\/07\/Sin-titulo-1-03.png\" class=\"elementor-animation-grow attachment-full size-full wp-image-490\" alt=\"\" srcset=\"https:\/\/crystalcleangernika.com\/wp-content\/uploads\/2023\/07\/Sin-titulo-1-03.png 73w, https:\/\/crystalcleangernika.com\/wp-content\/uploads\/2023\/07\/Sin-titulo-1-03-12x12.png 12w\" sizes=\"(max-width: 73px) 100vw, 73px\" \/><\/figure><div class=\"elementor-image-box-content\"><h4 class=\"elementor-image-box-title\">100% de satisfa\u00e7\u00e3o<\/h4><p class=\"elementor-image-box-description\">Clientes super satisfeitos com nossa equipe, nosso potencial e os resultados do nosso trabalho.\n<\/p><\/div><\/div>\t\t\t\t<\/div>\n\t\t\t\t<\/div>\n\t\t\t\t\t<\/div>\n\t\t<\/div>\n\t\t\t\t<div class=\"elementor-column elementor-col-50 elementor-top-column elementor-element elementor-element-45252d6a\" data-id=\"45252d6a\" data-element_type=\"column\" data-e-type=\"column\" data-settings=\"{&quot;background_background&quot;:&quot;classic&quot;}\">\n\t\t\t<div class=\"elementor-widget-wrap elementor-element-populated\">\n\t\t\t\t\t\t<div class=\"elementor-element elementor-element-2343a62e elementor-widget-tablet__width-initial elementor-widget elementor-widget-image\" data-id=\"2343a62e\" data-element_type=\"widget\" data-e-type=\"widget\" data-widget_type=\"image.default\">\n\t\t\t\t<div class=\"elementor-widget-container\">\n\t\t\t\t\t\t\t\t\t\t\t\t\t\t\t<img decoding=\"async\" src=\"https:\/\/crystalcleangernika.com\/wp-content\/uploads\/elementor\/thumbs\/mulher-bonita-fazendo-o-trabalho-domestico-durante-a-limpeza-na-cozinha-1-01-q9cvx4rv2bwmp64ekf32inladcf7yt5bawh1l505s4.jpg\" title=\"mulher-bonita-fazendo-o-trabalho-domestico-durante-a-limpeza-na-cozinha (1)-01\" alt=\"mulher-bonita-fazendo-o-trabalho-domestico-durante-a-limpeza-na-cozinha (1)-01\" class=\"elementor-animation-grow\" loading=\"lazy\" \/>\t\t\t\t\t\t\t\t\t\t\t\t\t\t\t<\/div>\n\t\t\t\t<\/div>\n\t\t\t\t<div class=\"elementor-element elementor-element-36100f43 elementor-widget__width-auto elementor-absolute elementor-widget elementor-widget-image\" data-id=\"36100f43\" data-element_type=\"widget\" data-e-type=\"widget\" data-settings=\"{&quot;_position&quot;:&quot;absolute&quot;}\" data-widget_type=\"image.default\">\n\t\t\t\t<div class=\"elementor-widget-container\">\n\t\t\t\t\t\t\t\t\t\t\t\t\t\t\t<img fetchpriority=\"high\" decoding=\"async\" width=\"700\" height=\"700\" src=\"https:\/\/crystalcleangernika.com\/wp-content\/uploads\/2023\/07\/img_project_02_Home_Clean_House.jpg\" class=\"elementor-animation-grow attachment-large size-large wp-image-235\" alt=\"\" srcset=\"https:\/\/crystalcleangernika.com\/wp-content\/uploads\/2023\/07\/img_project_02_Home_Clean_House.jpg 700w, https:\/\/crystalcleangernika.com\/wp-content\/uploads\/2023\/07\/img_project_02_Home_Clean_House-300x300.jpg 300w, https:\/\/crystalcleangernika.com\/wp-content\/uploads\/2023\/07\/img_project_02_Home_Clean_House-150x150.jpg 150w, https:\/\/crystalcleangernika.com\/wp-content\/uploads\/2023\/07\/img_project_02_Home_Clean_House-12x12.jpg 12w\" sizes=\"(max-width: 700px) 100vw, 700px\" \/>\t\t\t\t\t\t\t\t\t\t\t\t\t\t\t<\/div>\n\t\t\t\t<\/div>\n\t\t\t\t\t<\/div>\n\t\t<\/div>\n\t\t\t\t\t<\/div>\n\t\t<\/section>\n\t\t\t\t<section class=\"elementor-section elementor-top-section elementor-element elementor-element-1f94cd21 elementor-section-boxed elementor-section-height-default elementor-section-height-default\" data-id=\"1f94cd21\" data-element_type=\"section\" data-e-type=\"section\" data-settings=\"{&quot;background_background&quot;:&quot;classic&quot;}\">\n\t\t\t\t\t\t\t<div class=\"elementor-background-overlay\"><\/div>\n\t\t\t\t\t\t\t<div class=\"elementor-container elementor-column-gap-extended\">\n\t\t\t\t\t<div class=\"elementor-column elementor-col-100 elementor-top-column elementor-element elementor-element-1022dcc0\" data-id=\"1022dcc0\" data-element_type=\"column\" data-e-type=\"column\">\n\t\t\t<div class=\"elementor-widget-wrap elementor-element-populated\">\n\t\t\t\t\t\t<section class=\"elementor-section elementor-inner-section elementor-element elementor-element-49ae9c6a elementor-section-boxed elementor-section-height-default elementor-section-height-default\" data-id=\"49ae9c6a\" data-element_type=\"section\" data-e-type=\"section\">\n\t\t\t\t\t\t<div class=\"elementor-container elementor-column-gap-default\">\n\t\t\t\t\t<div class=\"elementor-column elementor-col-100 elementor-inner-column elementor-element elementor-element-382a72d\" data-id=\"382a72d\" data-element_type=\"column\" data-e-type=\"column\">\n\t\t\t<div class=\"elementor-widget-wrap elementor-element-populated\">\n\t\t\t\t\t\t<div class=\"elementor-element elementor-element-1ffffc8b elementor-widget elementor-widget-heading\" data-id=\"1ffffc8b\" data-element_type=\"widget\" data-e-type=\"widget\" data-widget_type=\"heading.default\">\n\t\t\t\t<div class=\"elementor-widget-container\">\n\t\t\t\t\t<h1 class=\"elementor-heading-title elementor-size-default\">\nObtenha um or\u00e7amento gratuito<\/h1>\t\t\t\t<\/div>\n\t\t\t\t<\/div>\n\t\t\t\t<div class=\"elementor-element elementor-element-a239775 elementor-widget elementor-widget-text-editor\" data-id=\"a239775\" data-element_type=\"widget\" data-e-type=\"widget\" data-widget_type=\"text-editor.default\">\n\t\t\t\t<div class=\"elementor-widget-container\">\n\t\t\t\t\t\t\t\t\t<p>Estamos prontos e ansiosos para atend\u00ea-lo.<\/p>\t\t\t\t\t\t\t\t<\/div>\n\t\t\t\t<\/div>\n\t\t\t\t\t<\/div>\n\t\t<\/div>\n\t\t\t\t\t<\/div>\n\t\t<\/section>\n\t\t\t\t\t<\/div>\n\t\t<\/div>\n\t\t\t\t\t<\/div>\n\t\t<\/section>\n\t\t\t\t<\/div>","protected":false},"excerpt":{"rendered":"<p>Tu ambiente limpio y agradable Sobre Nosotros Tenemos 5 a\u00f1os de experiencia proporcionando servicios de limpieza de primera calidad para empresas y hogares. Nuestra experiencia es incomparable y nuestro equipo profesional est\u00e1 dedicado a superar tus expectativas. Hemos adquirido valiosos conocimientos y t\u00e9cnicas de una amplia gama de clientes y los incorporamos en nuestros servicios [&hellip;]<\/p>\n","protected":false},"author":1,"featured_media":874,"parent":0,"menu_order":0,"comment_status":"closed","ping_status":"closed","template":"elementor_canvas","meta":{"footnotes":""},"class_list":["post-2","page","type-page","status-publish","has-post-thumbnail","hentry"],"yoast_head":"<!-- This site is optimized with the Yoast SEO plugin v27.5 - https:\/\/yoast.com\/product\/yoast-seo-wordpress\/ -->\n<title>Inicio - Crystal Cleaning<\/title>\n<meta name=\"robots\" content=\"index, follow, max-snippet:-1, max-image-preview:large, max-video-preview:-1\" \/>\n<link rel=\"canonical\" href=\"https:\/\/crystalcleangernika.com\/pt\/\" \/>\n<meta property=\"og:locale\" content=\"pt_PT\" \/>\n<meta property=\"og:type\" content=\"article\" \/>\n<meta property=\"og:title\" content=\"Inicio - Crystal Cleaning\" \/>\n<meta property=\"og:description\" content=\"Tu ambiente limpio y agradable Sobre Nosotros Tenemos 5 a\u00f1os de experiencia proporcionando servicios de limpieza de primera calidad para empresas y hogares. Nuestra experiencia es incomparable y nuestro equipo profesional est\u00e1 dedicado a superar tus expectativas. Hemos adquirido valiosos conocimientos y t\u00e9cnicas de una amplia gama de clientes y los incorporamos en nuestros servicios [&hellip;]\" \/>\n<meta property=\"og:url\" content=\"https:\/\/crystalcleangernika.com\/pt\/\" \/>\n<meta property=\"og:site_name\" content=\"Crystal Cleaning\" \/>\n<meta property=\"article:modified_time\" content=\"2023-07-14T15:26:57+00:00\" \/>\n<meta property=\"og:image\" content=\"https:\/\/crystalcleangernika.com\/wp-content\/uploads\/2023\/07\/Logo-01.jpg\" \/>\n\t<meta property=\"og:image:width\" content=\"1896\" \/>\n\t<meta property=\"og:image:height\" content=\"952\" \/>\n\t<meta property=\"og:image:type\" content=\"image\/jpeg\" \/>\n<meta name=\"twitter:card\" content=\"summary_large_image\" \/>\n<meta name=\"twitter:label1\" content=\"Tempo estimado de leitura\" \/>\n\t<meta name=\"twitter:data1\" content=\"1 minuto\" \/>\n<script type=\"application\/ld+json\" class=\"yoast-schema-graph\">{\"@context\":\"https:\\\/\\\/schema.org\",\"@graph\":[{\"@type\":\"WebPage\",\"@id\":\"https:\\\/\\\/crystalcleangernika.com\\\/\",\"url\":\"https:\\\/\\\/crystalcleangernika.com\\\/\",\"name\":\"Inicio - Crystal Cleaning\",\"isPartOf\":{\"@id\":\"https:\\\/\\\/crystalcleangernika.com\\\/#website\"},\"primaryImageOfPage\":{\"@id\":\"https:\\\/\\\/crystalcleangernika.com\\\/#primaryimage\"},\"image\":{\"@id\":\"https:\\\/\\\/crystalcleangernika.com\\\/#primaryimage\"},\"thumbnailUrl\":\"https:\\\/\\\/crystalcleangernika.com\\\/wp-content\\\/uploads\\\/2023\\\/07\\\/Logo-01.jpg\",\"datePublished\":\"2023-07-13T13:16:58+00:00\",\"dateModified\":\"2023-07-14T15:26:57+00:00\",\"breadcrumb\":{\"@id\":\"https:\\\/\\\/crystalcleangernika.com\\\/#breadcrumb\"},\"inLanguage\":\"pt-PT\",\"potentialAction\":[{\"@type\":\"ReadAction\",\"target\":[\"https:\\\/\\\/crystalcleangernika.com\\\/\"]}]},{\"@type\":\"ImageObject\",\"inLanguage\":\"pt-PT\",\"@id\":\"https:\\\/\\\/crystalcleangernika.com\\\/#primaryimage\",\"url\":\"https:\\\/\\\/crystalcleangernika.com\\\/wp-content\\\/uploads\\\/2023\\\/07\\\/Logo-01.jpg\",\"contentUrl\":\"https:\\\/\\\/crystalcleangernika.com\\\/wp-content\\\/uploads\\\/2023\\\/07\\\/Logo-01.jpg\",\"width\":1896,\"height\":952},{\"@type\":\"BreadcrumbList\",\"@id\":\"https:\\\/\\\/crystalcleangernika.com\\\/#breadcrumb\",\"itemListElement\":[{\"@type\":\"ListItem\",\"position\":1,\"name\":\"Portada\",\"item\":\"https:\\\/\\\/crystalcleangernika.com\\\/\"},{\"@type\":\"ListItem\",\"position\":2,\"name\":\"Inicio\"}]},{\"@type\":\"WebSite\",\"@id\":\"https:\\\/\\\/crystalcleangernika.com\\\/#website\",\"url\":\"https:\\\/\\\/crystalcleangernika.com\\\/\",\"name\":\"Crystal Cleaning\",\"description\":\"Ambiente limpio y agradable\",\"publisher\":{\"@id\":\"https:\\\/\\\/crystalcleangernika.com\\\/#organization\"},\"potentialAction\":[{\"@type\":\"SearchAction\",\"target\":{\"@type\":\"EntryPoint\",\"urlTemplate\":\"https:\\\/\\\/crystalcleangernika.com\\\/?s={search_term_string}\"},\"query-input\":{\"@type\":\"PropertyValueSpecification\",\"valueRequired\":true,\"valueName\":\"search_term_string\"}}],\"inLanguage\":\"pt-PT\"},{\"@type\":\"Organization\",\"@id\":\"https:\\\/\\\/crystalcleangernika.com\\\/#organization\",\"name\":\"Crystal Cleaning\",\"url\":\"https:\\\/\\\/crystalcleangernika.com\\\/\",\"logo\":{\"@type\":\"ImageObject\",\"inLanguage\":\"pt-PT\",\"@id\":\"https:\\\/\\\/crystalcleangernika.com\\\/#\\\/schema\\\/logo\\\/image\\\/\",\"url\":\"https:\\\/\\\/crystalcleangernika.com\\\/wp-content\\\/uploads\\\/2023\\\/07\\\/cropped-Logo-01.png\",\"contentUrl\":\"https:\\\/\\\/crystalcleangernika.com\\\/wp-content\\\/uploads\\\/2023\\\/07\\\/cropped-Logo-01.png\",\"width\":1895,\"height\":952,\"caption\":\"Crystal Cleaning\"},\"image\":{\"@id\":\"https:\\\/\\\/crystalcleangernika.com\\\/#\\\/schema\\\/logo\\\/image\\\/\"}}]}<\/script>\n<!-- \/ Yoast SEO plugin. -->","yoast_head_json":{"title":"Inicio - Crystal Cleaning","robots":{"index":"index","follow":"follow","max-snippet":"max-snippet:-1","max-image-preview":"max-image-preview:large","max-video-preview":"max-video-preview:-1"},"canonical":"https:\/\/crystalcleangernika.com\/pt\/","og_locale":"pt_PT","og_type":"article","og_title":"Inicio - Crystal Cleaning","og_description":"Tu ambiente limpio y agradable Sobre Nosotros Tenemos 5 a\u00f1os de experiencia proporcionando servicios de limpieza de primera calidad para empresas y hogares. Nuestra experiencia es incomparable y nuestro equipo profesional est\u00e1 dedicado a superar tus expectativas. Hemos adquirido valiosos conocimientos y t\u00e9cnicas de una amplia gama de clientes y los incorporamos en nuestros servicios [&hellip;]","og_url":"https:\/\/crystalcleangernika.com\/pt\/","og_site_name":"Crystal Cleaning","article_modified_time":"2023-07-14T15:26:57+00:00","og_image":[{"width":1896,"height":952,"url":"https:\/\/crystalcleangernika.com\/wp-content\/uploads\/2023\/07\/Logo-01.jpg","type":"image\/jpeg"}],"twitter_card":"summary_large_image","twitter_misc":{"Tempo estimado de leitura":"1 minuto"},"schema":{"@context":"https:\/\/schema.org","@graph":[{"@type":"WebPage","@id":"https:\/\/crystalcleangernika.com\/","url":"https:\/\/crystalcleangernika.com\/","name":"Inicio - Crystal Cleaning","isPartOf":{"@id":"https:\/\/crystalcleangernika.com\/#website"},"primaryImageOfPage":{"@id":"https:\/\/crystalcleangernika.com\/#primaryimage"},"image":{"@id":"https:\/\/crystalcleangernika.com\/#primaryimage"},"thumbnailUrl":"https:\/\/crystalcleangernika.com\/wp-content\/uploads\/2023\/07\/Logo-01.jpg","datePublished":"2023-07-13T13:16:58+00:00","dateModified":"2023-07-14T15:26:57+00:00","breadcrumb":{"@id":"https:\/\/crystalcleangernika.com\/#breadcrumb"},"inLanguage":"pt-PT","potentialAction":[{"@type":"ReadAction","target":["https:\/\/crystalcleangernika.com\/"]}]},{"@type":"ImageObject","inLanguage":"pt-PT","@id":"https:\/\/crystalcleangernika.com\/#primaryimage","url":"https:\/\/crystalcleangernika.com\/wp-content\/uploads\/2023\/07\/Logo-01.jpg","contentUrl":"https:\/\/crystalcleangernika.com\/wp-content\/uploads\/2023\/07\/Logo-01.jpg","width":1896,"height":952},{"@type":"BreadcrumbList","@id":"https:\/\/crystalcleangernika.com\/#breadcrumb","itemListElement":[{"@type":"ListItem","position":1,"name":"Portada","item":"https:\/\/crystalcleangernika.com\/"},{"@type":"ListItem","position":2,"name":"Inicio"}]},{"@type":"WebSite","@id":"https:\/\/crystalcleangernika.com\/#website","url":"https:\/\/crystalcleangernika.com\/","name":"Crystal Cleaning","description":"Ambiente limpio y agradable","publisher":{"@id":"https:\/\/crystalcleangernika.com\/#organization"},"potentialAction":[{"@type":"SearchAction","target":{"@type":"EntryPoint","urlTemplate":"https:\/\/crystalcleangernika.com\/?s={search_term_string}"},"query-input":{"@type":"PropertyValueSpecification","valueRequired":true,"valueName":"search_term_string"}}],"inLanguage":"pt-PT"},{"@type":"Organization","@id":"https:\/\/crystalcleangernika.com\/#organization","name":"Crystal Cleaning","url":"https:\/\/crystalcleangernika.com\/","logo":{"@type":"ImageObject","inLanguage":"pt-PT","@id":"https:\/\/crystalcleangernika.com\/#\/schema\/logo\/image\/","url":"https:\/\/crystalcleangernika.com\/wp-content\/uploads\/2023\/07\/cropped-Logo-01.png","contentUrl":"https:\/\/crystalcleangernika.com\/wp-content\/uploads\/2023\/07\/cropped-Logo-01.png","width":1895,"height":952,"caption":"Crystal Cleaning"},"image":{"@id":"https:\/\/crystalcleangernika.com\/#\/schema\/logo\/image\/"}}]}},"_links":{"self":[{"href":"https:\/\/crystalcleangernika.com\/pt\/wp-json\/wp\/v2\/pages\/2","targetHints":{"allow":["GET"]}}],"collection":[{"href":"https:\/\/crystalcleangernika.com\/pt\/wp-json\/wp\/v2\/pages"}],"about":[{"href":"https:\/\/crystalcleangernika.com\/pt\/wp-json\/wp\/v2\/types\/page"}],"author":[{"embeddable":true,"href":"https:\/\/crystalcleangernika.com\/pt\/wp-json\/wp\/v2\/users\/1"}],"replies":[{"embeddable":true,"href":"https:\/\/crystalcleangernika.com\/pt\/wp-json\/wp\/v2\/comments?post=2"}],"version-history":[{"count":196,"href":"https:\/\/crystalcleangernika.com\/pt\/wp-json\/wp\/v2\/pages\/2\/revisions"}],"predecessor-version":[{"id":894,"href":"https:\/\/crystalcleangernika.com\/pt\/wp-json\/wp\/v2\/pages\/2\/revisions\/894"}],"wp:featuredmedia":[{"embeddable":true,"href":"https:\/\/crystalcleangernika.com\/pt\/wp-json\/wp\/v2\/media\/874"}],"wp:attachment":[{"href":"https:\/\/crystalcleangernika.com\/pt\/wp-json\/wp\/v2\/media?parent=2"}],"curies":[{"name":"wp","href":"https:\/\/api.w.org\/{rel}","templated":true}]}}